{"id":4847,"date":"2024-03-25T19:37:51","date_gmt":"2024-03-25T19:37:51","guid":{"rendered":"http:\/\/www.arniches.com\/?page_id=4847"},"modified":"2024-03-25T19:37:51","modified_gmt":"2024-03-25T19:37:51","slug":"encuentro-con-carlos-arniches","status":"publish","type":"page","link":"http:\/\/www.arniches.com\/index.php\/encuentro-con-carlos-arniches\/","title":{"rendered":"Encuentro con Carlos Arniches"},"content":{"rendered":"<p>He podido contar con una pl\u00e9yade de colaboradores de incalculable valor, cuyos textos, todos de una catadura superior a la m\u00eda, he plasmado de forma sucesiva y cronol\u00f3gica en este mismo ensayo. Incluso termino con ocho textos in\u00e9ditos en el momento en que este trabajo vea la luz.<\/p>\n<p>La exposici\u00f3n de estos textos que han servido de pr\u00f3logo, en algunos casos, a libros sobre Carlos Arniches, o que han sido colaboraciones en la secci\u00f3n de \u201cFirmas Invitadas\u201d de la p\u00e1gina web, es una muestra de mi agradecimiento a mis colaboradores por estar ah\u00ed, junto a Carlos Arniches y junto a m\u00ed.<\/p>\n<p>Respondiendo a la pregunta de \u201c\u00bfqu\u00e9 es lo que m\u00e1s admiras de Carlos Arniches?\u201d, he introducido cuatros cap\u00edtulos donde de una forma sucinta, describo mi gran descubrimiento sobre Carlos Arniches: su pensamiento. El pensamiento de Carlos Arniches es lo que m\u00e1s admiro de su obra.<\/p>\n<p>Distingo entre el pensamiento de un Carlos Arniches joven, el Carlos Arniches maduro, el de las tragedias grotescas, y el pensamiento m\u00e1s filos\u00f3fico de un Carlos Arniches al final de su vida.<\/p>\n<p><a href=\"https:\/\/publicaciones.ua.es\/libro\/encuentro-con-carlos-arniches_150220\/\" target=\"_blank\" rel=\"noopener\"><img loading=\"lazy\" decoding=\"async\" class=\"alignnone size-medium wp-image-4841\" src=\"http:\/\/www.arniches.com\/wp-content\/uploads\/2024\/03\/Encuentro-207x300.jpg\" alt=\"\" width=\"207\" height=\"300\" srcset=\"http:\/\/www.arniches.com\/wp-content\/uploads\/2024\/03\/Encuentro-207x300.jpg 207w, http:\/\/www.arniches.com\/wp-content\/uploads\/2024\/03\/Encuentro-708x1024.jpg 708w, http:\/\/www.arniches.com\/wp-content\/uploads\/2024\/03\/Encuentro-768x1111.jpg 768w, http:\/\/www.arniches.com\/wp-content\/uploads\/2024\/03\/Encuentro-1062x1536.jpg 1062w, http:\/\/www.arniches.com\/wp-content\/uploads\/2024\/03\/Encuentro-1416x2048.jpg 1416w, http:\/\/www.arniches.com\/wp-content\/uploads\/2024\/03\/Encuentro.jpg 1672w\" sizes=\"auto, (max-width: 207px) 100vw, 207px\" \/><\/a><br \/>\nPARA COMPRARLO HAY QUE ACUDIR A ESTE ENLACE:<\/p>\n<p><a href=\"https:\/\/publicaciones.ua.es\/libro\/encuentro-con-carlos-arniches_150220\/\" target=\"_blank\" rel=\"noopener\">Encuentro con Carlos Arniches. Publicaciones Universidad de Alicante.<\/a><\/p>\n<p>&nbsp;<\/p>\n","protected":false},"excerpt":{"rendered":"<p>He podido contar con una pl\u00e9yade de colaboradores de incalculable valor, cuyos textos, todos de una catadura superior a la m\u00eda, he plasmado de forma sucesiva y cronol\u00f3gica en este mismo ensayo. Incluso termino con ocho textos in\u00e9ditos en el momento en que este trabajo vea la luz. La exposici\u00f3n de estos textos que han&#8230; <\/p>\n<div class=\"read-more navbutton\"><a href=\"http:\/\/www.arniches.com\/index.php\/encuentro-con-carlos-arniches\/\">Leer m\u00e1s<i class=\"fa fa-angle-double-right\"><\/i><\/a><\/div>\n","protected":false},"author":1,"featured_media":0,"parent":0,"menu_order":0,"comment_status":"closed","ping_status":"closed","template":"","meta":{"footnotes":""},"class_list":["post-4847","page","type-page","status-publish","hentry"],"_links":{"self":[{"href":"http:\/\/www.arniches.com\/index.php\/wp-json\/wp\/v2\/pages\/4847","targetHints":{"allow":["GET"]}}],"collection":[{"href":"http:\/\/www.arniches.com\/index.php\/wp-json\/wp\/v2\/pages"}],"about":[{"href":"http:\/\/www.arniches.com\/index.php\/wp-json\/wp\/v2\/types\/page"}],"author":[{"embeddable":true,"href":"http:\/\/www.arniches.com\/index.php\/wp-json\/wp\/v2\/users\/1"}],"replies":[{"embeddable":true,"href":"http:\/\/www.arniches.com\/index.php\/wp-json\/wp\/v2\/comments?post=4847"}],"version-history":[{"count":1,"href":"http:\/\/www.arniches.com\/index.php\/wp-json\/wp\/v2\/pages\/4847\/revisions"}],"predecessor-version":[{"id":4848,"href":"http:\/\/www.arniches.com\/index.php\/wp-json\/wp\/v2\/pages\/4847\/revisions\/4848"}],"wp:attachment":[{"href":"http:\/\/www.arniches.com\/index.php\/wp-json\/wp\/v2\/media?parent=4847"}],"curies":[{"name":"wp","href":"https:\/\/api.w.org\/{rel}","templated":true}]}}