{"id":5321,"date":"2025-02-02T16:53:07","date_gmt":"2025-02-02T16:53:07","guid":{"rendered":"http:\/\/www.arniches.com\/?page_id=5321"},"modified":"2025-02-02T17:04:57","modified_gmt":"2025-02-02T17:04:57","slug":"la-guerra-al-machismo-en-el-teatro-de-carlos-arniches","status":"publish","type":"page","link":"http:\/\/www.arniches.com\/index.php\/la-guerra-al-machismo-en-el-teatro-de-carlos-arniches\/","title":{"rendered":"La guerra al machismo en el teatro de Carlos Arniches"},"content":{"rendered":"<p>Tienes, en este libro, la demostraci\u00f3n de uno de los empe\u00f1os m\u00e1s importantes de Carlos Arniches que nunca nos hab\u00edan contado: su guerra particular contra el machismo de la sociedad que le toc\u00f3 vivir.<\/p>\n<p>\u00a1Disfr\u00fatalo!<\/p>\n<p>Puedes adquirir el ibro aqu\u00ed:<\/p>\n<p><a href=\"https:\/\/torreseditores.com\/es\/literatura\/318-la-guerra-al-machismo-en-el-teatro-de-carlos-arniches.html\" target=\"_blank\" rel=\"noopener\">https:\/\/torreseditores.com\/es\/literatura\/318-la-guerra-al-machismo-en-el-teatro-de-carlos-arniches.html<\/a><\/p>\n<p><img loading=\"lazy\" decoding=\"async\" class=\"alignnone wp-image-5324 size-full\" src=\"http:\/\/www.arniches.com\/wp-content\/uploads\/2025\/02\/la-guerra-la-machismo2.jpg\" alt=\"La guerra al machismo\" width=\"208\" height=\"300\" \/><\/p>\n","protected":false},"excerpt":{"rendered":"<p>Tienes, en este libro, la demostraci\u00f3n de uno de los empe\u00f1os m\u00e1s importantes de Carlos Arniches que nunca nos hab\u00edan contado: su guerra particular contra el machismo de la sociedad que le toc\u00f3 vivir. \u00a1Disfr\u00fatalo! Puedes adquirir el ibro aqu\u00ed: https:\/\/torreseditores.com\/es\/literatura\/318-la-guerra-al-machismo-en-el-teatro-de-carlos-arniches.html<\/p>\n","protected":false},"author":1,"featured_media":0,"parent":0,"menu_order":0,"comment_status":"closed","ping_status":"closed","template":"","meta":{"footnotes":""},"class_list":["post-5321","page","type-page","status-publish","hentry"],"_links":{"self":[{"href":"http:\/\/www.arniches.com\/index.php\/wp-json\/wp\/v2\/pages\/5321","targetHints":{"allow":["GET"]}}],"collection":[{"href":"http:\/\/www.arniches.com\/index.php\/wp-json\/wp\/v2\/pages"}],"about":[{"href":"http:\/\/www.arniches.com\/index.php\/wp-json\/wp\/v2\/types\/page"}],"author":[{"embeddable":true,"href":"http:\/\/www.arniches.com\/index.php\/wp-json\/wp\/v2\/users\/1"}],"replies":[{"embeddable":true,"href":"http:\/\/www.arniches.com\/index.php\/wp-json\/wp\/v2\/comments?post=5321"}],"version-history":[{"count":7,"href":"http:\/\/www.arniches.com\/index.php\/wp-json\/wp\/v2\/pages\/5321\/revisions"}],"predecessor-version":[{"id":5331,"href":"http:\/\/www.arniches.com\/index.php\/wp-json\/wp\/v2\/pages\/5321\/revisions\/5331"}],"wp:attachment":[{"href":"http:\/\/www.arniches.com\/index.php\/wp-json\/wp\/v2\/media?parent=5321"}],"curies":[{"name":"wp","href":"https:\/\/api.w.org\/{rel}","templated":true}]}}